{"id":154,"date":"2025-11-19T02:37:34","date_gmt":"2025-11-19T02:37:34","guid":{"rendered":"https:\/\/santacruzbehavioral.com\/?page_id=154"},"modified":"2026-02-19T22:27:49","modified_gmt":"2026-02-19T22:27:49","slug":"psicologia-clinica","status":"publish","type":"page","link":"https:\/\/santacruzbehavioral.com\/en\/psicologia-clinica\/","title":{"rendered":"Clinical Psychology"},"content":{"rendered":"<div data-elementor-type=\"wp-page\" data-elementor-id=\"154\" class=\"elementor elementor-154\" data-elementor-post-type=\"page\">\n\t\t\t\t<div class=\"elementor-element elementor-element-253b3d3 e-con-full e-flex e-con e-parent\" data-id=\"253b3d3\" data-element_type=\"container\" data-e-type=\"container\">\n\t\t<div class=\"elementor-element elementor-element-6908488 e-con-full e-flex e-con e-child\" data-id=\"6908488\" data-element_type=\"container\" data-e-type=\"container\" data-settings=\"{&quot;background_background&quot;:&quot;classic&quot;}\">\n\t\t<div class=\"elementor-element elementor-element-889669d e-con-full e-flex e-con e-child\" data-id=\"889669d\" data-element_type=\"container\" data-e-type=\"container\" data-settings=\"{&quot;background_background&quot;:&quot;classic&quot;}\">\n\t\t\t\t<div class=\"elementor-element elementor-element-186403f elementor-widget elementor-widget-heading\" data-id=\"186403f\" data-element_type=\"widget\" data-e-type=\"widget\" data-widget_type=\"heading.default\">\n\t\t\t\t\t<h2 class=\"elementor-heading-title elementor-size-default\">Your Wellbeing, Our Mission.<\/h2>\t\t\t\t<\/div>\n\t\t\t\t<div class=\"elementor-element elementor-element-c15304f elementor-widget-divider--view-line elementor-widget elementor-widget-divider\" data-id=\"c15304f\" data-element_type=\"widget\" data-e-type=\"widget\" data-widget_type=\"divider.default\">\n\t\t\t\t\t\t\t<div class=\"elementor-divider\">\n\t\t\t<span class=\"elementor-divider-separator\">\n\t\t\t\t\t\t<\/span>\n\t\t<\/div>\n\t\t\t\t\t\t<\/div>\n\t\t\t\t<\/div>\n\t\t<div class=\"elementor-element elementor-element-7612e1a e-con-full e-flex e-con e-child\" data-id=\"7612e1a\" data-element_type=\"container\" data-e-type=\"container\" data-settings=\"{&quot;background_background&quot;:&quot;classic&quot;}\">\n\t\t\t\t<\/div>\n\t\t\t\t<\/div>\n\t\t\t\t<\/div>\n\t\t<div class=\"elementor-element elementor-element-f2c1461 e-flex e-con-boxed e-con e-parent\" data-id=\"f2c1461\" data-element_type=\"container\" data-e-type=\"container\" data-settings=\"{&quot;background_background&quot;:&quot;classic&quot;}\">\n\t\t\t\t\t<div class=\"e-con-inner\">\n\t\t\t\t<div class=\"elementor-element elementor-element-2367a55 elementor-widget elementor-widget-heading\" data-id=\"2367a55\" data-element_type=\"widget\" data-e-type=\"widget\" data-widget_type=\"heading.default\">\n\t\t\t\t\t<h2 class=\"elementor-heading-title elementor-size-default\">Clinical Psychology<\/h2>\t\t\t\t<\/div>\n\t\t\t\t\t<\/div>\n\t\t\t\t<\/div>\n\t\t<div class=\"elementor-element elementor-element-5bc3468 e-flex e-con-boxed e-con e-parent\" data-id=\"5bc3468\" data-element_type=\"container\" data-e-type=\"container\">\n\t\t\t\t\t<div class=\"e-con-inner\">\n\t\t\t\t<div class=\"elementor-element elementor-element-adc6884 elementor-widget elementor-widget-heading\" data-id=\"adc6884\" data-element_type=\"widget\" data-e-type=\"widget\" data-widget_type=\"heading.default\">\n\t\t\t\t\t<h2 class=\"elementor-heading-title elementor-size-default\">Meet the Team <\/h2>\t\t\t\t<\/div>\n\t\t\t\t\t<\/div>\n\t\t\t\t<\/div>\n\t\t<div class=\"elementor-element elementor-element-64387e1 e-flex e-con-boxed e-con e-parent\" data-id=\"64387e1\" data-element_type=\"container\" data-e-type=\"container\">\n\t\t\t\t\t<div class=\"e-con-inner\">\n\t\t<div class=\"elementor-element elementor-element-710758b e-con-full e-flex e-con e-child\" data-id=\"710758b\" data-element_type=\"container\" data-e-type=\"container\">\n\t\t\t\t<div class=\"elementor-element elementor-element-8d22bbe elementor-widget elementor-widget-image\" data-id=\"8d22bbe\" data-element_type=\"widget\" data-e-type=\"widget\" data-widget_type=\"image.default\">\n\t\t\t\t\t\t\t\t\t\t\t\t\t\t\t<img fetchpriority=\"high\" decoding=\"async\" width=\"768\" height=\"833\" src=\"https:\/\/santacruzbehavioral.com\/wp-content\/uploads\/2025\/11\/Asset-5-768x833.png\" class=\"attachment-medium_large size-medium_large wp-image-146\" alt=\"\" srcset=\"https:\/\/santacruzbehavioral.com\/wp-content\/uploads\/2025\/11\/Asset-5-768x833.png 768w, https:\/\/santacruzbehavioral.com\/wp-content\/uploads\/2025\/11\/Asset-5-277x300.png 277w, https:\/\/santacruzbehavioral.com\/wp-content\/uploads\/2025\/11\/Asset-5-944x1024.png 944w, https:\/\/santacruzbehavioral.com\/wp-content\/uploads\/2025\/11\/Asset-5.png 1127w\" sizes=\"(max-width: 768px) 100vw, 768px\" \/>\t\t\t\t\t\t\t\t\t\t\t\t\t\t\t<\/div>\n\t\t<div class=\"elementor-element elementor-element-cb89ea6 e-con-full e-flex e-con e-child\" data-id=\"cb89ea6\" data-element_type=\"container\" data-e-type=\"container\" data-settings=\"{&quot;background_background&quot;:&quot;classic&quot;}\">\n\t\t\t\t<div class=\"elementor-element elementor-element-db609d3 elementor-widget elementor-widget-text-editor\" data-id=\"db609d3\" data-element_type=\"widget\" data-e-type=\"widget\" data-widget_type=\"text-editor.default\">\n\t\t\t\t\t\t\t\t\t<p>Karen Y. Pujals Morales, PHD<\/p>\t\t\t\t\t\t\t\t<\/div>\n\t\t\t\t<div class=\"elementor-element elementor-element-f6eff1c elementor-widget elementor-widget-text-editor\" data-id=\"f6eff1c\" data-element_type=\"widget\" data-e-type=\"widget\" data-widget_type=\"text-editor.default\">\n\t\t\t\t\t\t\t\t\t<p>Clinical Psychology<\/p>\t\t\t\t\t\t\t\t<\/div>\n\t\t\t\t<\/div>\n\t\t\t\t<div class=\"elementor-element elementor-element-034a665 elementor-widget elementor-widget-text-editor\" data-id=\"034a665\" data-element_type=\"widget\" data-e-type=\"widget\" data-widget_type=\"text-editor.default\">\n\t\t\t\t\t\t\t\t\t<p><strong>Dr. Karen Pujals completed her Doctorate in Clinical Psychology at Carlos Albizu University, San Juan Campus.<\/strong><\/p><p>She completed her Clinical Neuropsychology internship at University District Hospital (UDH), Department of Neurology (Medical Sciences Campus in R\u00edo Piedras, P.R.). She also completed postdoctoral studies in Neuropsychology at Fielding Graduate University (New York, N.Y. Cohort).\nShe has conducted research and presentations related to Alzheimer\u2019s and Parkinson\u2019s disease, as well as research on Depression in older adults. She is currently working as a sub-investigator in several clinical trials related to Alzheimer\u2019s, Depression, and Bipolar Disorder. Dr. Pujals also performs clinical and cognitive screening evaluations.<br \/>Ha realizado investigaciones y presentaciones relacionadas a Alzheimer y Parkinson, al igual que investigaciones sobre Depresi\u00f3n en personas de edad avanzada. Se encuentra trabajando actualmente como subinvestigadora en varios ensayos cl\u00ednicos relacionados a Alzheimer, Depresi\u00f3n y Bipolaridad. La Dra. Pujals adem\u00e1s realiza evaluaciones de cernimiento cl\u00ednico y cognitivo.<\/p>\t\t\t\t\t\t\t\t<\/div>\n\t\t\t\t<\/div>\n\t\t<div class=\"elementor-element elementor-element-0525034 e-con-full e-flex e-con e-child\" data-id=\"0525034\" data-element_type=\"container\" data-e-type=\"container\">\n\t\t\t\t<div class=\"elementor-element elementor-element-ba144c6 elementor-widget elementor-widget-image\" data-id=\"ba144c6\" data-element_type=\"widget\" data-e-type=\"widget\" data-widget_type=\"image.default\">\n\t\t\t\t\t\t\t\t\t\t\t\t\t\t\t<img decoding=\"async\" width=\"768\" height=\"832\" src=\"https:\/\/santacruzbehavioral.com\/wp-content\/uploads\/2025\/11\/Asset-10-768x832.png\" class=\"attachment-medium_large size-medium_large wp-image-156\" alt=\"\" srcset=\"https:\/\/santacruzbehavioral.com\/wp-content\/uploads\/2025\/11\/Asset-10-768x832.png 768w, https:\/\/santacruzbehavioral.com\/wp-content\/uploads\/2025\/11\/Asset-10-277x300.png 277w, https:\/\/santacruzbehavioral.com\/wp-content\/uploads\/2025\/11\/Asset-10-945x1024.png 945w, https:\/\/santacruzbehavioral.com\/wp-content\/uploads\/2025\/11\/Asset-10.png 1128w\" sizes=\"(max-width: 768px) 100vw, 768px\" \/>\t\t\t\t\t\t\t\t\t\t\t\t\t\t\t<\/div>\n\t\t<div class=\"elementor-element elementor-element-278e833 e-con-full e-flex e-con e-child\" data-id=\"278e833\" data-element_type=\"container\" data-e-type=\"container\" data-settings=\"{&quot;background_background&quot;:&quot;classic&quot;}\">\n\t\t\t\t<div class=\"elementor-element elementor-element-b547c65 elementor-widget elementor-widget-text-editor\" data-id=\"b547c65\" data-element_type=\"widget\" data-e-type=\"widget\" data-widget_type=\"text-editor.default\">\n\t\t\t\t\t\t\t\t\tZuleika Rosario-Santiago, PSY.D\t\t\t\t\t\t\t\t<\/div>\n\t\t\t\t<div class=\"elementor-element elementor-element-f6716ac elementor-widget elementor-widget-text-editor\" data-id=\"f6716ac\" data-element_type=\"widget\" data-e-type=\"widget\" data-widget_type=\"text-editor.default\">\n\t\t\t\t\t\t\t\t\tClinical Psychology\t\t\t\t\t\t\t\t<\/div>\n\t\t\t\t<\/div>\n\t\t\t\t<div class=\"elementor-element elementor-element-22460ec elementor-widget elementor-widget-text-editor\" data-id=\"22460ec\" data-element_type=\"widget\" data-e-type=\"widget\" data-widget_type=\"text-editor.default\">\n\t\t\t\t\t\t\t\t\t<p><strong>Dr. Zuleika Rosario-Santiago is a Clinical Psychologist with over 15 years of experience.\u00a0<\/strong><\/p><p>She completed her Bachelor of Arts in Psychology at the University of Puerto Rico, R\u00edo Piedras Campus. She later earned her Master\u2019s degree and Doctorate in Clinical Psychology (PsyD) from Carlos Albizu University, San Juan Campus, graduating Magna Cum Laude.\nShe completed her doctoral internship in the Domestic Violence Program at the Community Mental Health Clinic, providing therapeutic services to women who are victims and survivors of domestic violence and their children.\nDr. Rosario currently maintains a private practice serving adolescents, adults, and older adults. Her competencies are based on evidence-based therapeutic interventions integrated with spirituality, specifically within a Christian framework.<\/p>\t\t\t\t\t\t\t\t<\/div>\n\t\t\t\t<\/div>\n\t\t\t\t\t<\/div>\n\t\t\t\t<\/div>\n\t\t<div class=\"elementor-element elementor-element-6066b02 e-flex e-con-boxed e-con e-parent\" data-id=\"6066b02\" data-element_type=\"container\" data-e-type=\"container\">\n\t\t\t\t\t<div class=\"e-con-inner\">\n\t\t<div class=\"elementor-element elementor-element-ef716a6 e-con-full e-flex e-con e-child\" data-id=\"ef716a6\" data-element_type=\"container\" data-e-type=\"container\">\n\t\t\t\t<div class=\"elementor-element elementor-element-98de795 elementor-widget elementor-widget-image\" data-id=\"98de795\" data-element_type=\"widget\" data-e-type=\"widget\" data-widget_type=\"image.default\">\n\t\t\t\t\t\t\t\t\t\t\t\t\t\t\t<img decoding=\"async\" width=\"768\" height=\"832\" src=\"https:\/\/santacruzbehavioral.com\/wp-content\/uploads\/2025\/11\/Asset-11-768x832.png\" class=\"attachment-medium_large size-medium_large wp-image-157\" alt=\"\" srcset=\"https:\/\/santacruzbehavioral.com\/wp-content\/uploads\/2025\/11\/Asset-11-768x832.png 768w, https:\/\/santacruzbehavioral.com\/wp-content\/uploads\/2025\/11\/Asset-11-277x300.png 277w, https:\/\/santacruzbehavioral.com\/wp-content\/uploads\/2025\/11\/Asset-11-945x1024.png 945w, https:\/\/santacruzbehavioral.com\/wp-content\/uploads\/2025\/11\/Asset-11.png 1128w\" sizes=\"(max-width: 768px) 100vw, 768px\" \/>\t\t\t\t\t\t\t\t\t\t\t\t\t\t\t<\/div>\n\t\t<div class=\"elementor-element elementor-element-e6b0bce e-con-full e-flex e-con e-child\" data-id=\"e6b0bce\" data-element_type=\"container\" data-e-type=\"container\" data-settings=\"{&quot;background_background&quot;:&quot;classic&quot;}\">\n\t\t\t\t<div class=\"elementor-element elementor-element-06aea2f elementor-widget elementor-widget-text-editor\" data-id=\"06aea2f\" data-element_type=\"widget\" data-e-type=\"widget\" data-widget_type=\"text-editor.default\">\n\t\t\t\t\t\t\t\t\t<p>Juan P. Cruz-Perez, PhD<\/p>\t\t\t\t\t\t\t\t<\/div>\n\t\t\t\t<div class=\"elementor-element elementor-element-a077c28 elementor-widget elementor-widget-text-editor\" data-id=\"a077c28\" data-element_type=\"widget\" data-e-type=\"widget\" data-widget_type=\"text-editor.default\">\n\t\t\t\t\t\t\t\t\tClinical Psychologist\t\t\t\t\t\t\t\t<\/div>\n\t\t\t\t<\/div>\n\t\t\t\t<div class=\"elementor-element elementor-element-c25b32c elementor-widget elementor-widget-text-editor\" data-id=\"c25b32c\" data-element_type=\"widget\" data-e-type=\"widget\" data-widget_type=\"text-editor.default\">\n\t\t\t\t\t\t\t\t\t<p><strong>Dr. Juan Pablo Cruz-Perez earned his Bachelor\u2019s degree in General Psychology from Interamerican University of Puerto Rico, Metropolitan Campus, graduating Suma Cum Laude.<\/strong><\/p><p>He completed his graduate studies at Carlos Albizu University, San Juan Campus, earning both his Master\u2019s and Doctoral degrees in Clinical Psychology with honors of Distinction.\nDr. Cruz is the author of several scientific research articles published in professional journals. His work focuses on adolescence, manifestations of aggression, the psychosocial dimension of epilepsy, depression, the Interpersonal Therapy Model, and LGBTQ+ community issues. He has presented his research at professional panels, including conventions of the Puerto Rico Psychological Association.\nThroughout his career in Clinical Psychology, he has worked in psychiatric hospitals providing clinical services to patients with diverse symptomatology. He also teaches university-level psychology courses.<\/p>\t\t\t\t\t\t\t\t<\/div>\n\t\t\t\t<\/div>\n\t\t<div class=\"elementor-element elementor-element-a98fd19 e-con-full e-flex e-con e-child\" data-id=\"a98fd19\" data-element_type=\"container\" data-e-type=\"container\">\n\t\t\t\t<div class=\"elementor-element elementor-element-768c9a3 elementor-widget elementor-widget-image\" data-id=\"768c9a3\" data-element_type=\"widget\" data-e-type=\"widget\" data-widget_type=\"image.default\">\n\t\t\t\t\t\t\t\t\t\t\t\t\t\t\t<img loading=\"lazy\" decoding=\"async\" width=\"768\" height=\"832\" src=\"https:\/\/santacruzbehavioral.com\/wp-content\/uploads\/2026\/01\/Jessica-Lopez.jpg\" class=\"attachment-medium_large size-medium_large wp-image-395\" alt=\"\" srcset=\"https:\/\/santacruzbehavioral.com\/wp-content\/uploads\/2026\/01\/Jessica-Lopez.jpg 768w, https:\/\/santacruzbehavioral.com\/wp-content\/uploads\/2026\/01\/Jessica-Lopez-277x300.jpg 277w\" sizes=\"(max-width: 768px) 100vw, 768px\" \/>\t\t\t\t\t\t\t\t\t\t\t\t\t\t\t<\/div>\n\t\t<div class=\"elementor-element elementor-element-72f5a75 e-con-full e-flex e-con e-child\" data-id=\"72f5a75\" data-element_type=\"container\" data-e-type=\"container\" data-settings=\"{&quot;background_background&quot;:&quot;classic&quot;}\">\n\t\t\t\t<div class=\"elementor-element elementor-element-19fad43 elementor-widget elementor-widget-text-editor\" data-id=\"19fad43\" data-element_type=\"widget\" data-e-type=\"widget\" data-widget_type=\"text-editor.default\">\n\t\t\t\t\t\t\t\t\tJessica L\u00f3pez Ort\u00edz, PhD\t\t\t\t\t\t\t\t<\/div>\n\t\t\t\t<div class=\"elementor-element elementor-element-76ef0c3 elementor-widget elementor-widget-text-editor\" data-id=\"76ef0c3\" data-element_type=\"widget\" data-e-type=\"widget\" data-widget_type=\"text-editor.default\">\n\t\t\t\t\t\t\t\t\t<p>Clinical Psychology<\/p>\t\t\t\t\t\t\t\t<\/div>\n\t\t\t\t<\/div>\n\t\t\t\t<div class=\"elementor-element elementor-element-46428a5 elementor-widget elementor-widget-text-editor\" data-id=\"46428a5\" data-element_type=\"widget\" data-e-type=\"widget\" data-widget_type=\"text-editor.default\">\n\t\t\t\t\t\t\t\t\t<div><strong>Dr. Jessica M. L\u00f3pez Ort\u00edz completed her graduate studies at Carlos Albizu University, San Juan Campus, earning both her Master\u2019s and Doctoral degrees in Clinical Psychology.<\/strong><\/div><div>\u00a0<\/div><div>She completed her internship at the Community Mental Health Clinic in San Juan, providing psychological therapy and psychological, psychometric, and psychoeducational evaluations to children, adolescents, and adults.\nShe has conducted research related to psychometrics and the relationship between emotional health and spirituality, which has been presented at professional forums such as the conventions of the Puerto Rico Psychological Association.\nWith over twelve years of experience, she has practiced clinical psychology in corporations, integrated health groups, and private practice, serving children, adolescents, adults, and older adults. She is currently part of Santa Cruz Behavioral, where she provides psychotherapy services to adults and older adults.<br \/>Ha llevado a cabo investigaciones relacionadas a temas de psicometr\u00eda y la relaci\u00f3n entre la salud emocional y la espiritualidad, las cuales se han presentados en foros profesionales como lo son las convenciones de la Asociaci\u00f3n de Psicolog\u00eda de Puerto Rico.\u00a0<br \/>Cuenta con m\u00e1s de doce a\u00f1os de experiencia donde ha ejercido la pr\u00e1ctica de la psicolog\u00eda cl\u00ednica en corporaciones, grupos de salud integral y pr\u00e1ctica privada, atendiendo as\u00ed poblaciones de ni\u00f1os, adolescentes, adultos y envejecientes. Actualmente forma parte del grupo Santa Cruz Behavioral, donde se desempe\u00f1a como psic\u00f3loga cl\u00ednica, ofreciendo el servicio de psicoterapia a la poblaci\u00f3n de adultos y envejecientes.<\/div>\t\t\t\t\t\t\t\t<\/div>\n\t\t\t\t<\/div>\n\t\t\t\t\t<\/div>\n\t\t\t\t<\/div>\n\t\t\t\t<\/div>","protected":false},"excerpt":{"rendered":"<p>Tu bienestar, nuestra misi\u00f3n. Psicolog\u00eda Cl\u00ednica Conoce al equipo Karen Y. Pujals Morales, PHD Psic\u00f3loga Cl\u00ednica La Dra. Karen Pujals complet\u00f3 un doctorado en psicolog\u00eda cl\u00ednica en la Universidad Carlos Albizu, Recinto de San Juan. Realiz\u00f3 su internado en Neuropsicolog\u00eda Cl\u00ednica en el Hospital Universitario del Distrito (UDH), Departamento de Neurolog\u00eda (Recinto de Ciencias M\u00e9dicas [&hellip;]<\/p>\n","protected":false},"author":1,"featured_media":0,"parent":0,"menu_order":0,"comment_status":"closed","ping_status":"closed","template":"","meta":{"footnotes":""},"class_list":["post-154","page","type-page","status-publish","hentry"],"_hostinger_reach_plugin_has_subscription_block":false,"_hostinger_reach_plugin_is_elementor":false,"_links":{"self":[{"href":"https:\/\/santacruzbehavioral.com\/en\/wp-json\/wp\/v2\/pages\/154","targetHints":{"allow":["GET"]}}],"collection":[{"href":"https:\/\/santacruzbehavioral.com\/en\/wp-json\/wp\/v2\/pages"}],"about":[{"href":"https:\/\/santacruzbehavioral.com\/en\/wp-json\/wp\/v2\/types\/page"}],"author":[{"embeddable":true,"href":"https:\/\/santacruzbehavioral.com\/en\/wp-json\/wp\/v2\/users\/1"}],"replies":[{"embeddable":true,"href":"https:\/\/santacruzbehavioral.com\/en\/wp-json\/wp\/v2\/comments?post=154"}],"version-history":[{"count":31,"href":"https:\/\/santacruzbehavioral.com\/en\/wp-json\/wp\/v2\/pages\/154\/revisions"}],"predecessor-version":[{"id":509,"href":"https:\/\/santacruzbehavioral.com\/en\/wp-json\/wp\/v2\/pages\/154\/revisions\/509"}],"wp:attachment":[{"href":"https:\/\/santacruzbehavioral.com\/en\/wp-json\/wp\/v2\/media?parent=154"}],"curies":[{"name":"wp","href":"https:\/\/api.w.org\/{rel}","templated":true}]}}