{"id":144,"date":"2025-11-19T02:32:42","date_gmt":"2025-11-19T02:32:42","guid":{"rendered":"https:\/\/santacruzbehavioral.com\/?page_id=144"},"modified":"2026-02-19T22:29:09","modified_gmt":"2026-02-19T22:29:09","slug":"investigacion-clinica","status":"publish","type":"page","link":"https:\/\/santacruzbehavioral.com\/en\/investigacion-clinica\/","title":{"rendered":"Clinical Research"},"content":{"rendered":"<div data-elementor-type=\"wp-page\" data-elementor-id=\"144\" class=\"elementor elementor-144\" data-elementor-post-type=\"page\">\n\t\t\t\t<div class=\"elementor-element elementor-element-253b3d3 e-con-full e-flex e-con e-parent\" data-id=\"253b3d3\" data-element_type=\"container\" data-e-type=\"container\">\n\t\t<div class=\"elementor-element elementor-element-6908488 e-con-full e-flex e-con e-child\" data-id=\"6908488\" data-element_type=\"container\" data-e-type=\"container\" data-settings=\"{&quot;background_background&quot;:&quot;classic&quot;}\">\n\t\t<div class=\"elementor-element elementor-element-889669d e-con-full e-flex e-con e-child\" data-id=\"889669d\" data-element_type=\"container\" data-e-type=\"container\" data-settings=\"{&quot;background_background&quot;:&quot;classic&quot;}\">\n\t\t\t\t<div class=\"elementor-element elementor-element-186403f elementor-widget elementor-widget-heading\" data-id=\"186403f\" data-element_type=\"widget\" data-e-type=\"widget\" data-widget_type=\"heading.default\">\n\t\t\t\t\t<h2 class=\"elementor-heading-title elementor-size-default\">Your Wellbeing, Our Mission.<\/h2>\t\t\t\t<\/div>\n\t\t\t\t<div class=\"elementor-element elementor-element-c15304f elementor-widget-divider--view-line elementor-widget elementor-widget-divider\" data-id=\"c15304f\" data-element_type=\"widget\" data-e-type=\"widget\" data-widget_type=\"divider.default\">\n\t\t\t\t\t\t\t<div class=\"elementor-divider\">\n\t\t\t<span class=\"elementor-divider-separator\">\n\t\t\t\t\t\t<\/span>\n\t\t<\/div>\n\t\t\t\t\t\t<\/div>\n\t\t\t\t<\/div>\n\t\t<div class=\"elementor-element elementor-element-7612e1a e-con-full e-flex e-con e-child\" data-id=\"7612e1a\" data-element_type=\"container\" data-e-type=\"container\" data-settings=\"{&quot;background_background&quot;:&quot;classic&quot;}\">\n\t\t\t\t<\/div>\n\t\t\t\t<\/div>\n\t\t\t\t<\/div>\n\t\t<div class=\"elementor-element elementor-element-f2c1461 e-flex e-con-boxed e-con e-parent\" data-id=\"f2c1461\" data-element_type=\"container\" data-e-type=\"container\" data-settings=\"{&quot;background_background&quot;:&quot;classic&quot;}\">\n\t\t\t\t\t<div class=\"e-con-inner\">\n\t\t\t\t<div class=\"elementor-element elementor-element-2367a55 elementor-widget elementor-widget-heading\" data-id=\"2367a55\" data-element_type=\"widget\" data-e-type=\"widget\" data-widget_type=\"heading.default\">\n\t\t\t\t\t<h2 class=\"elementor-heading-title elementor-size-default\">Clinical Research<\/h2>\t\t\t\t<\/div>\n\t\t\t\t\t<\/div>\n\t\t\t\t<\/div>\n\t\t<div class=\"elementor-element elementor-element-5bc3468 e-flex e-con-boxed e-con e-parent\" data-id=\"5bc3468\" data-element_type=\"container\" data-e-type=\"container\">\n\t\t\t\t\t<div class=\"e-con-inner\">\n\t\t\t\t<div class=\"elementor-element elementor-element-adc6884 elementor-widget elementor-widget-heading\" data-id=\"adc6884\" data-element_type=\"widget\" data-e-type=\"widget\" data-widget_type=\"heading.default\">\n\t\t\t\t\t<h2 class=\"elementor-heading-title elementor-size-default\">Meet the Team <\/h2>\t\t\t\t<\/div>\n\t\t\t\t\t<\/div>\n\t\t\t\t<\/div>\n\t\t<div class=\"elementor-element elementor-element-64387e1 e-flex e-con-boxed e-con e-parent\" data-id=\"64387e1\" data-element_type=\"container\" data-e-type=\"container\">\n\t\t\t\t\t<div class=\"e-con-inner\">\n\t\t<div class=\"elementor-element elementor-element-15e67fb e-con-full e-flex e-con e-child\" data-id=\"15e67fb\" data-element_type=\"container\" data-e-type=\"container\">\n\t\t\t\t<div class=\"elementor-element elementor-element-11522a4 elementor-widget elementor-widget-image\" data-id=\"11522a4\" data-element_type=\"widget\" data-e-type=\"widget\" data-widget_type=\"image.default\">\n\t\t\t\t\t\t\t\t\t\t\t\t\t\t\t<img fetchpriority=\"high\" decoding=\"async\" width=\"768\" height=\"833\" src=\"https:\/\/santacruzbehavioral.com\/wp-content\/uploads\/2025\/11\/Asset-1-1-768x833.png\" class=\"attachment-medium_large size-medium_large wp-image-122\" alt=\"\" srcset=\"https:\/\/santacruzbehavioral.com\/wp-content\/uploads\/2025\/11\/Asset-1-1-768x833.png 768w, https:\/\/santacruzbehavioral.com\/wp-content\/uploads\/2025\/11\/Asset-1-1-277x300.png 277w, https:\/\/santacruzbehavioral.com\/wp-content\/uploads\/2025\/11\/Asset-1-1-944x1024.png 944w, https:\/\/santacruzbehavioral.com\/wp-content\/uploads\/2025\/11\/Asset-1-1.png 1127w\" sizes=\"(max-width: 768px) 100vw, 768px\" \/>\t\t\t\t\t\t\t\t\t\t\t\t\t\t\t<\/div>\n\t\t<div class=\"elementor-element elementor-element-e5c017b e-con-full e-flex e-con e-child\" data-id=\"e5c017b\" data-element_type=\"container\" data-e-type=\"container\" data-settings=\"{&quot;background_background&quot;:&quot;classic&quot;}\">\n\t\t\t\t<div class=\"elementor-element elementor-element-8897b6a elementor-widget elementor-widget-text-editor\" data-id=\"8897b6a\" data-element_type=\"widget\" data-e-type=\"widget\" data-widget_type=\"text-editor.default\">\n\t\t\t\t\t\t\t\t\tWilliam Julio, MD, DFAPA\t\t\t\t\t\t\t\t<\/div>\n\t\t\t\t<div class=\"elementor-element elementor-element-004ba75 elementor-widget elementor-widget-text-editor\" data-id=\"004ba75\" data-element_type=\"widget\" data-e-type=\"widget\" data-widget_type=\"text-editor.default\">\n\t\t\t\t\t\t\t\t\t<p>Investigador<\/p>\t\t\t\t\t\t\t\t<\/div>\n\t\t\t\t<\/div>\n\t\t\t\t<div class=\"elementor-element elementor-element-6b20cb6 elementor-widget elementor-widget-heading\" data-id=\"6b20cb6\" data-element_type=\"widget\" data-e-type=\"widget\" data-widget_type=\"heading.default\">\n\t\t\t\t\t<h4 class=\"elementor-heading-title elementor-size-default\">Subspecialty in Geriatric Psychiatry.\nDiplomate of the American Board of Psychiatry and Neurology<\/h4>\t\t\t\t<\/div>\n\t\t\t\t<div class=\"elementor-element elementor-element-3a242a5 elementor-widget elementor-widget-text-editor\" data-id=\"3a242a5\" data-element_type=\"widget\" data-e-type=\"widget\" data-widget_type=\"text-editor.default\">\n\t\t\t\t\t\t\t\t\t<p><strong>El Dr. William Julio obtuvo su t\u00edtulo de m\u00e9dico en la Facultad de Medicina de la Universidad Central del Caribe en Bayam\u00f3n, Puerto Rico.<\/strong><\/p><p>Complet\u00f3 un internado rotatorio y una residencia en Psiquiatr\u00eda General en el Centro M\u00e9dico Cabrini\/Facultad de Medicina Mount Sinai en Nueva York, donde fue Jefe de Residentes. Posteriormente, complet\u00f3 una subespecialidad en Psiquiatr\u00eda Geri\u00e1trica en el Hospital y Centro M\u00e9dico Saint Vincent\/New York Medical College. Es Diplomado de la Academia Americana de Analistas de la Discapacidad y de la Academia Americana de Psiquiatr\u00eda y Neurolog\u00eda, certificado en Psiquiatr\u00eda con especializaci\u00f3n en Psiquiatr\u00eda Geri\u00e1trica. Tambi\u00e9n fue elegido miembro distinguido de la junta directiva de la Asociaci\u00f3n Americana de Psiquiatr\u00eda. El Dr. Julio es miembro y ha presidido varias asociaciones profesionales, incluyendo la Academia de Psiquiatr\u00eda de Puerto Rico y la Sociedad Puertorrique\u00f1a de Psiquiatr\u00eda, Rama Distrital de la APA. Adem\u00e1s, ha participado activamente en la Asociaci\u00f3n Americana de Psiquiatr\u00eda Geri\u00e1trica. El Dr. William Julio ha participado en numerosos congresos y simposios cient\u00edficos como conferencista y ha estado involucrado como investigador principal en decenas de ensayos de investigaci\u00f3n cl\u00ednica en las \u00e1reas de Trastornos de Ansiedad Generalizada, Esquizofrenia, Trastornos Esquizoafectivos, Bipolaridad, Depresi\u00f3n y Trastornos Neurocognitivos, debidos a la Enfermedad de Alzheimer o Parkinson.<\/p>\t\t\t\t\t\t\t\t<\/div>\n\t\t\t\t<\/div>\n\t\t<div class=\"elementor-element elementor-element-710758b e-con-full e-flex e-con e-child\" data-id=\"710758b\" data-element_type=\"container\" data-e-type=\"container\">\n\t\t\t\t<div class=\"elementor-element elementor-element-8d22bbe elementor-widget elementor-widget-image\" data-id=\"8d22bbe\" data-element_type=\"widget\" data-e-type=\"widget\" data-widget_type=\"image.default\">\n\t\t\t\t\t\t\t\t\t\t\t\t\t\t\t<img decoding=\"async\" width=\"768\" height=\"833\" src=\"https:\/\/santacruzbehavioral.com\/wp-content\/uploads\/2025\/11\/Asset-5-768x833.png\" class=\"attachment-medium_large size-medium_large wp-image-146\" alt=\"\" srcset=\"https:\/\/santacruzbehavioral.com\/wp-content\/uploads\/2025\/11\/Asset-5-768x833.png 768w, https:\/\/santacruzbehavioral.com\/wp-content\/uploads\/2025\/11\/Asset-5-277x300.png 277w, https:\/\/santacruzbehavioral.com\/wp-content\/uploads\/2025\/11\/Asset-5-944x1024.png 944w, https:\/\/santacruzbehavioral.com\/wp-content\/uploads\/2025\/11\/Asset-5.png 1127w\" sizes=\"(max-width: 768px) 100vw, 768px\" \/>\t\t\t\t\t\t\t\t\t\t\t\t\t\t\t<\/div>\n\t\t<div class=\"elementor-element elementor-element-cb89ea6 e-con-full e-flex e-con e-child\" data-id=\"cb89ea6\" data-element_type=\"container\" data-e-type=\"container\" data-settings=\"{&quot;background_background&quot;:&quot;classic&quot;}\">\n\t\t\t\t<div class=\"elementor-element elementor-element-db609d3 elementor-widget elementor-widget-text-editor\" data-id=\"db609d3\" data-element_type=\"widget\" data-e-type=\"widget\" data-widget_type=\"text-editor.default\">\n\t\t\t\t\t\t\t\t\t<p>Karen Y. Pujals Morales, PHD<\/p>\t\t\t\t\t\t\t\t<\/div>\n\t\t\t\t<div class=\"elementor-element elementor-element-f6eff1c elementor-widget elementor-widget-text-editor\" data-id=\"f6eff1c\" data-element_type=\"widget\" data-e-type=\"widget\" data-widget_type=\"text-editor.default\">\n\t\t\t\t\t\t\t\t\tSubinvestigadora\t\t\t\t\t\t\t\t<\/div>\n\t\t\t\t<\/div>\n\t\t\t\t<div class=\"elementor-element elementor-element-034a665 elementor-widget elementor-widget-text-editor\" data-id=\"034a665\" data-element_type=\"widget\" data-e-type=\"widget\" data-widget_type=\"text-editor.default\">\n\t\t\t\t\t\t\t\t\t<p><strong>Dr. Karen Pujals completed her Doctorate in Clinical Psychology at Carlos Albizu University, San Juan Campus.<\/strong><\/p><p>She completed her Clinical Neuropsychology internship at University District Hospital (UDH), Department of Neurology (Medical Sciences Campus in R\u00edo Piedras, P.R.). She also completed postdoctoral studies in Neuropsychology at Fielding Graduate University (New York, N.Y. Cohort).\nShe has conducted research and presentations related to Alzheimer\u2019s and Parkinson\u2019s disease, as well as research on Depression in older adults. She is currently working as a sub-investigator in several clinical trials related to Alzheimer\u2019s, Depression, and Bipolar Disorder. Dr. Pujals also performs clinical and cognitive screening evaluations.<br \/>Ha realizado investigaciones y presentaciones relacionadas a Alzheimer y Parkinson, al igual que investigaciones sobre Depresi\u00f3n en personas de edad avanzada. Se encuentra trabajando actualmente como subinvestigadora en varios ensayos cl\u00ednicos relacionados a Alzheimer, Depresi\u00f3n y Bipolaridad. La Dra. Pujals adem\u00e1s realiza evaluaciones de cernimiento cl\u00ednico y cognitivo.<\/p>\t\t\t\t\t\t\t\t<\/div>\n\t\t\t\t<\/div>\n\t\t\t\t\t<\/div>\n\t\t\t\t<\/div>\n\t\t<div class=\"elementor-element elementor-element-6066b02 e-flex e-con-boxed e-con e-parent\" data-id=\"6066b02\" data-element_type=\"container\" data-e-type=\"container\">\n\t\t\t\t\t<div class=\"e-con-inner\">\n\t\t<div class=\"elementor-element elementor-element-ef716a6 e-con-full e-flex e-con e-child\" data-id=\"ef716a6\" data-element_type=\"container\" data-e-type=\"container\">\n\t\t\t\t<div class=\"elementor-element elementor-element-98de795 elementor-widget elementor-widget-image\" data-id=\"98de795\" data-element_type=\"widget\" data-e-type=\"widget\" data-widget_type=\"image.default\">\n\t\t\t\t\t\t\t\t\t\t\t\t\t\t\t<img decoding=\"async\" width=\"768\" height=\"833\" src=\"https:\/\/santacruzbehavioral.com\/wp-content\/uploads\/2026\/01\/Dra-Eneida.jpg\" class=\"attachment-medium_large size-medium_large wp-image-387\" alt=\"\" srcset=\"https:\/\/santacruzbehavioral.com\/wp-content\/uploads\/2026\/01\/Dra-Eneida.jpg 768w, https:\/\/santacruzbehavioral.com\/wp-content\/uploads\/2026\/01\/Dra-Eneida-277x300.jpg 277w\" sizes=\"(max-width: 768px) 100vw, 768px\" \/>\t\t\t\t\t\t\t\t\t\t\t\t\t\t\t<\/div>\n\t\t<div class=\"elementor-element elementor-element-e6b0bce e-con-full e-flex e-con e-child\" data-id=\"e6b0bce\" data-element_type=\"container\" data-e-type=\"container\" data-settings=\"{&quot;background_background&quot;:&quot;classic&quot;}\">\n\t\t\t\t<div class=\"elementor-element elementor-element-06aea2f elementor-widget elementor-widget-text-editor\" data-id=\"06aea2f\" data-element_type=\"widget\" data-e-type=\"widget\" data-widget_type=\"text-editor.default\">\n\t\t\t\t\t\t\t\t\tEneida De La Torre, MD\t\t\t\t\t\t\t\t<\/div>\n\t\t\t\t<div class=\"elementor-element elementor-element-a077c28 elementor-widget elementor-widget-text-editor\" data-id=\"a077c28\" data-element_type=\"widget\" data-e-type=\"widget\" data-widget_type=\"text-editor.default\">\n\t\t\t\t\t\t\t\t\t<p>Researcher<\/p>\t\t\t\t\t\t\t\t<\/div>\n\t\t\t\t<\/div>\n\t\t\t\t<div class=\"elementor-element elementor-element-c25b32c elementor-widget elementor-widget-text-editor\" data-id=\"c25b32c\" data-element_type=\"widget\" data-e-type=\"widget\" data-widget_type=\"text-editor.default\">\n\t\t\t\t\t\t\t\t\t<p><strong>Eneida M. De La Torre Lugo is a certified dermatologist. She completed her undergraduate studies at the University of Puerto Rico, R\u00edo Piedras Campus, where she earned a bachelor's degree in Biology.<\/strong><\/p><p>Subsequently, she earned her Doctor of Medicine degree from the School of Medicine at the Medical Sciences Campus of the University of Puerto Rico. Dr. De La Torre completed her residency in Dermatology at the Department of Dermatology of the School of Medicine at the Medical Sciences Campus of the University of Puerto Rico. She is a member of the American Academy of Dermatology. Dr. De La Torre is an Assistant Professor at the School of Medicine of the Central University of the Caribbean and an Honorary Professor in the Department of Dermatology at the School of Medicine of the University of Puerto Rico. Throughout her career, she has published numerous scientific articles and actively participates in clinical research projects in the areas of medical and cosmetic dermatology. She served as president of the Puerto Rico Dermatological Society. Currently, she practices medical, surgical, and cosmetic dermatology for both adults and children at her private practice, DLT Dermatology, in Bayam\u00f3n, Puerto Rico. Dr. De La Torre also provides services at the Dr. Ram\u00f3n Ruiz Arnau University Hospital.<\/p>\t\t\t\t\t\t\t\t<\/div>\n\t\t\t\t<\/div>\n\t\t<div class=\"elementor-element elementor-element-a98fd19 e-con-full e-flex e-con e-child\" data-id=\"a98fd19\" data-element_type=\"container\" data-e-type=\"container\">\n\t\t\t\t<div class=\"elementor-element elementor-element-768c9a3 elementor-widget elementor-widget-image\" data-id=\"768c9a3\" data-element_type=\"widget\" data-e-type=\"widget\" data-widget_type=\"image.default\">\n\t\t\t\t\t\t\t\t\t\t\t\t\t\t\t<img loading=\"lazy\" decoding=\"async\" width=\"768\" height=\"833\" src=\"https:\/\/santacruzbehavioral.com\/wp-content\/uploads\/2026\/02\/Dr.-Horacio-768x833.png\" class=\"attachment-medium_large size-medium_large wp-image-499\" alt=\"\" srcset=\"https:\/\/santacruzbehavioral.com\/wp-content\/uploads\/2026\/02\/Dr.-Horacio-768x833.png 768w, https:\/\/santacruzbehavioral.com\/wp-content\/uploads\/2026\/02\/Dr.-Horacio-277x300.png 277w, https:\/\/santacruzbehavioral.com\/wp-content\/uploads\/2026\/02\/Dr.-Horacio-944x1024.png 944w, https:\/\/santacruzbehavioral.com\/wp-content\/uploads\/2026\/02\/Dr.-Horacio.png 1127w\" sizes=\"(max-width: 768px) 100vw, 768px\" \/>\t\t\t\t\t\t\t\t\t\t\t\t\t\t\t<\/div>\n\t\t<div class=\"elementor-element elementor-element-72f5a75 e-con-full e-flex e-con e-child\" data-id=\"72f5a75\" data-element_type=\"container\" data-e-type=\"container\" data-settings=\"{&quot;background_background&quot;:&quot;classic&quot;}\">\n\t\t\t\t<div class=\"elementor-element elementor-element-19fad43 elementor-widget elementor-widget-text-editor\" data-id=\"19fad43\" data-element_type=\"widget\" data-e-type=\"widget\" data-widget_type=\"text-editor.default\">\n\t\t\t\t\t\t\t\t\t<p>Horacio F. Daub\u00f3n, MD<\/p>\t\t\t\t\t\t\t\t<\/div>\n\t\t\t\t<div class=\"elementor-element elementor-element-76ef0c3 elementor-widget elementor-widget-text-editor\" data-id=\"76ef0c3\" data-element_type=\"widget\" data-e-type=\"widget\" data-widget_type=\"text-editor.default\">\n\t\t\t\t\t\t\t\t\tSub-Investigator\t\t\t\t\t\t\t\t<\/div>\n\t\t\t\t<\/div>\n\t\t\t\t<div class=\"elementor-element elementor-element-46428a5 elementor-widget elementor-widget-text-editor\" data-id=\"46428a5\" data-element_type=\"widget\" data-e-type=\"widget\" data-widget_type=\"text-editor.default\">\n\t\t\t\t\t\t\t\t\t<p><strong>Dr. Daub\u00f3n earned his medical degree from the University of Puerto Rico School of Medicine in San Juan, Puerto Rico. He completed his internship in internal medicine and his residency in neurology at Thomas Jefferson University Hospital in Philadelphia, Pennsylvania.<\/strong><\/p><p>He subsequently completed his subspecialty in Clinical Neurology and Epilepsy at Vanderbilt University Medical Center in Nashville, Tennessee. He is board-certified by the American Academy of Psychiatry and Neurology in both General Neurology and Clinical Neurophysiology. Dr. Daub\u00f3n has participated in numerous scientific conferences and symposia. He has also served as a sub-investigator in dozens of clinical trials on epilepsy, migraine, and dementia.<\/p>\t\t\t\t\t\t\t\t<\/div>\n\t\t\t\t<\/div>\n\t\t\t\t\t<\/div>\n\t\t\t\t<\/div>\n\t\t<div class=\"elementor-element elementor-element-ea5d93a e-flex e-con-boxed e-con e-parent\" data-id=\"ea5d93a\" data-element_type=\"container\" data-e-type=\"container\">\n\t\t\t\t\t<div class=\"e-con-inner\">\n\t\t<div class=\"elementor-element elementor-element-272452f e-con-full e-flex e-con e-child\" data-id=\"272452f\" data-element_type=\"container\" data-e-type=\"container\">\n\t\t\t\t<div class=\"elementor-element elementor-element-61efaf5 elementor-widget elementor-widget-image\" data-id=\"61efaf5\" data-element_type=\"widget\" data-e-type=\"widget\" data-widget_type=\"image.default\">\n\t\t\t\t\t\t\t\t\t\t\t\t\t\t\t<img loading=\"lazy\" decoding=\"async\" width=\"768\" height=\"833\" src=\"https:\/\/santacruzbehavioral.com\/wp-content\/uploads\/2026\/01\/Dr.-Gabriel-Arias-768x833.jpg\" class=\"attachment-medium_large size-medium_large wp-image-391\" alt=\"\" srcset=\"https:\/\/santacruzbehavioral.com\/wp-content\/uploads\/2026\/01\/Dr.-Gabriel-Arias-768x833.jpg 768w, https:\/\/santacruzbehavioral.com\/wp-content\/uploads\/2026\/01\/Dr.-Gabriel-Arias-277x300.jpg 277w, https:\/\/santacruzbehavioral.com\/wp-content\/uploads\/2026\/01\/Dr.-Gabriel-Arias-944x1024.jpg 944w, https:\/\/santacruzbehavioral.com\/wp-content\/uploads\/2026\/01\/Dr.-Gabriel-Arias.jpg 1127w\" sizes=\"(max-width: 768px) 100vw, 768px\" \/>\t\t\t\t\t\t\t\t\t\t\t\t\t\t\t<\/div>\n\t\t<div class=\"elementor-element elementor-element-f408e16 e-con-full e-flex e-con e-child\" data-id=\"f408e16\" data-element_type=\"container\" data-e-type=\"container\" data-settings=\"{&quot;background_background&quot;:&quot;classic&quot;}\">\n\t\t\t\t<div class=\"elementor-element elementor-element-3e41d35 elementor-widget elementor-widget-text-editor\" data-id=\"3e41d35\" data-element_type=\"widget\" data-e-type=\"widget\" data-widget_type=\"text-editor.default\">\n\t\t\t\t\t\t\t\t\t<p>Gabriel Arias, MD<\/p>\t\t\t\t\t\t\t\t<\/div>\n\t\t\t\t<div class=\"elementor-element elementor-element-453c431 elementor-widget elementor-widget-text-editor\" data-id=\"453c431\" data-element_type=\"widget\" data-e-type=\"widget\" data-widget_type=\"text-editor.default\">\n\t\t\t\t\t\t\t\t\tSub-Investigator\t\t\t\t\t\t\t\t<\/div>\n\t\t\t\t<\/div>\n\t\t\t\t<div class=\"elementor-element elementor-element-af7e5fa elementor-widget elementor-widget-text-editor\" data-id=\"af7e5fa\" data-element_type=\"widget\" data-e-type=\"widget\" data-widget_type=\"text-editor.default\">\n\t\t\t\t\t\t\t\t\t<p><strong>El Dr. Gabriel Arias Berrios es un dermat\u00f3logo certificado por la Junta M\u00e9dica de San Juan, Puerto Rico.<\/strong><\/p><p>He completed his undergraduate studies at the University of Puerto Rico, R\u00edo Piedras Campus, before obtaining his Doctor of Medicine degree from the University of Puerto Rico, Medical Sciences Campus. He completed his internship in Internal Medicine at the VA Caribbean Healthcare System, followed by a residency in Dermatology at the Medical Sciences Campus of the University of Puerto Rico, where he distinguished himself as Chief Resident.<br \/>Since his dermatology certification in 2023, Dr. Arias Berrios has been a dedicated member of the American Academy of Dermatology. His clinical and academic interests include cutaneous lymphomas, psoriasis, and complex medical dermatology.<br \/>He has published numerous articles, especially on mycosis fungoides and psoriasis, contributing to the advancement of dermatological knowledge and patient care.<\/p>\t\t\t\t\t\t\t\t<\/div>\n\t\t\t\t<\/div>\n\t\t<div class=\"elementor-element elementor-element-6a802b0 e-con-full elementor-hidden-desktop elementor-hidden-tablet elementor-hidden-mobile e-flex e-con e-child\" data-id=\"6a802b0\" data-element_type=\"container\" data-e-type=\"container\">\n\t\t\t\t<div class=\"elementor-element elementor-element-af2630d elementor-widget elementor-widget-image\" data-id=\"af2630d\" data-element_type=\"widget\" data-e-type=\"widget\" data-widget_type=\"image.default\">\n\t\t\t\t\t\t\t\t\t\t\t\t\t\t\t<img loading=\"lazy\" decoding=\"async\" width=\"768\" height=\"833\" src=\"https:\/\/santacruzbehavioral.com\/wp-content\/uploads\/2025\/11\/Asset-9-768x833.png\" class=\"attachment-medium_large size-medium_large wp-image-150\" alt=\"\" srcset=\"https:\/\/santacruzbehavioral.com\/wp-content\/uploads\/2025\/11\/Asset-9-768x833.png 768w, https:\/\/santacruzbehavioral.com\/wp-content\/uploads\/2025\/11\/Asset-9-277x300.png 277w, https:\/\/santacruzbehavioral.com\/wp-content\/uploads\/2025\/11\/Asset-9-944x1024.png 944w, https:\/\/santacruzbehavioral.com\/wp-content\/uploads\/2025\/11\/Asset-9.png 1127w\" sizes=\"(max-width: 768px) 100vw, 768px\" \/>\t\t\t\t\t\t\t\t\t\t\t\t\t\t\t<\/div>\n\t\t<div class=\"elementor-element elementor-element-d4aad02 e-con-full e-flex e-con e-child\" data-id=\"d4aad02\" data-element_type=\"container\" data-e-type=\"container\" data-settings=\"{&quot;background_background&quot;:&quot;classic&quot;}\">\n\t\t\t\t<div class=\"elementor-element elementor-element-adde89a elementor-widget elementor-widget-text-editor\" data-id=\"adde89a\" data-element_type=\"widget\" data-e-type=\"widget\" data-widget_type=\"text-editor.default\">\n\t\t\t\t\t\t\t\t\t<p>Dr. Pedro Rom\u00e1n<\/p>\t\t\t\t\t\t\t\t<\/div>\n\t\t\t\t<div class=\"elementor-element elementor-element-40100e7 elementor-widget elementor-widget-text-editor\" data-id=\"40100e7\" data-element_type=\"widget\" data-e-type=\"widget\" data-widget_type=\"text-editor.default\">\n\t\t\t\t\t\t\t\t\t<p>SUB INVESTIGADOR<\/p>\t\t\t\t\t\t\t\t<\/div>\n\t\t\t\t<\/div>\n\t\t\t\t<div class=\"elementor-element elementor-element-5ecbc56 elementor-widget elementor-widget-text-editor\" data-id=\"5ecbc56\" data-element_type=\"widget\" data-e-type=\"widget\" data-widget_type=\"text-editor.default\">\n\t\t\t\t\t\t\t\t\t<p><b>Lorem ipsum dolor sit amet, consectetuer adipiscing elit, sed diam nonummy nibh euismod tincidunt ut laoreet dolore magna aliquam erat volutpat. Ut wisi enim ad minim veniam, <\/b><\/p><p>Quis nostrud exerci tation ullamcorper suscipit lobortis nisl ut aliquip ex ea commodo consequat.<\/p><p>Duis autem vel eum iriure dolor in hendrerit in vulputate velit esse molestie consequat, vel illum dolore eu feugiat nulla facilisis at vero eros et accumsan et iusto odio dignissim qui blandit praesent luptatum zzril delenit augue duis dolore te feugait nulla facilisi.<\/p>\t\t\t\t\t\t\t\t<\/div>\n\t\t\t\t<\/div>\n\t\t\t\t\t<\/div>\n\t\t\t\t<\/div>\n\t\t\t\t<\/div>","protected":false},"excerpt":{"rendered":"<p>Tu bienestar, nuestra misi\u00f3n. Investigaci\u00f3n cl\u00ednica Conoce al equipo William Julio, MD, DFAPA Investigador Subespecialidad en Psiquiatr\u00eda Geri\u00e1trica Diplomate of the American Board of Psychiatry and Neurology El Dr. William Julio obtuvo su t\u00edtulo de m\u00e9dico en la Facultad de Medicina de la Universidad Central del Caribe en Bayam\u00f3n, Puerto Rico. Complet\u00f3 un internado rotatorio [&hellip;]<\/p>\n","protected":false},"author":1,"featured_media":0,"parent":0,"menu_order":0,"comment_status":"closed","ping_status":"closed","template":"","meta":{"footnotes":""},"class_list":["post-144","page","type-page","status-publish","hentry"],"_hostinger_reach_plugin_has_subscription_block":false,"_hostinger_reach_plugin_is_elementor":false,"_links":{"self":[{"href":"https:\/\/santacruzbehavioral.com\/en\/wp-json\/wp\/v2\/pages\/144","targetHints":{"allow":["GET"]}}],"collection":[{"href":"https:\/\/santacruzbehavioral.com\/en\/wp-json\/wp\/v2\/pages"}],"about":[{"href":"https:\/\/santacruzbehavioral.com\/en\/wp-json\/wp\/v2\/types\/page"}],"author":[{"embeddable":true,"href":"https:\/\/santacruzbehavioral.com\/en\/wp-json\/wp\/v2\/users\/1"}],"replies":[{"embeddable":true,"href":"https:\/\/santacruzbehavioral.com\/en\/wp-json\/wp\/v2\/comments?post=144"}],"version-history":[{"count":67,"href":"https:\/\/santacruzbehavioral.com\/en\/wp-json\/wp\/v2\/pages\/144\/revisions"}],"predecessor-version":[{"id":515,"href":"https:\/\/santacruzbehavioral.com\/en\/wp-json\/wp\/v2\/pages\/144\/revisions\/515"}],"wp:attachment":[{"href":"https:\/\/santacruzbehavioral.com\/en\/wp-json\/wp\/v2\/media?parent=144"}],"curies":[{"name":"wp","href":"https:\/\/api.w.org\/{rel}","templated":true}]}}