{"id":112,"date":"2025-11-19T02:15:43","date_gmt":"2025-11-19T02:15:43","guid":{"rendered":"https:\/\/santacruzbehavioral.com\/?page_id=112"},"modified":"2026-02-10T02:27:23","modified_gmt":"2026-02-10T02:27:23","slug":"psiquiatria","status":"publish","type":"page","link":"https:\/\/santacruzbehavioral.com\/en\/psiquiatria\/","title":{"rendered":"Psychiatry"},"content":{"rendered":"<div data-elementor-type=\"wp-page\" data-elementor-id=\"112\" class=\"elementor elementor-112\" data-elementor-post-type=\"page\">\n\t\t\t\t<div class=\"elementor-element elementor-element-253b3d3 e-con-full e-flex e-con e-parent\" data-id=\"253b3d3\" data-element_type=\"container\" data-e-type=\"container\">\n\t\t<div class=\"elementor-element elementor-element-6908488 e-con-full e-flex e-con e-child\" data-id=\"6908488\" data-element_type=\"container\" data-e-type=\"container\" data-settings=\"{&quot;background_background&quot;:&quot;classic&quot;}\">\n\t\t<div class=\"elementor-element elementor-element-889669d e-con-full e-flex e-con e-child\" data-id=\"889669d\" data-element_type=\"container\" data-e-type=\"container\" data-settings=\"{&quot;background_background&quot;:&quot;classic&quot;}\">\n\t\t\t\t<div class=\"elementor-element elementor-element-186403f elementor-widget elementor-widget-heading\" data-id=\"186403f\" data-element_type=\"widget\" data-e-type=\"widget\" data-widget_type=\"heading.default\">\n\t\t\t\t\t<h2 class=\"elementor-heading-title elementor-size-default\">Your Wellbeing, Our Mission.<\/h2>\t\t\t\t<\/div>\n\t\t\t\t<div class=\"elementor-element elementor-element-c15304f elementor-widget-divider--view-line elementor-widget elementor-widget-divider\" data-id=\"c15304f\" data-element_type=\"widget\" data-e-type=\"widget\" data-widget_type=\"divider.default\">\n\t\t\t\t\t\t\t<div class=\"elementor-divider\">\n\t\t\t<span class=\"elementor-divider-separator\">\n\t\t\t\t\t\t<\/span>\n\t\t<\/div>\n\t\t\t\t\t\t<\/div>\n\t\t\t\t<\/div>\n\t\t<div class=\"elementor-element elementor-element-7612e1a e-con-full e-flex e-con e-child\" data-id=\"7612e1a\" data-element_type=\"container\" data-e-type=\"container\" data-settings=\"{&quot;background_background&quot;:&quot;classic&quot;}\">\n\t\t\t\t<\/div>\n\t\t\t\t<\/div>\n\t\t\t\t<\/div>\n\t\t<div class=\"elementor-element elementor-element-f2c1461 e-flex e-con-boxed e-con e-parent\" data-id=\"f2c1461\" data-element_type=\"container\" data-e-type=\"container\" data-settings=\"{&quot;background_background&quot;:&quot;classic&quot;}\">\n\t\t\t\t\t<div class=\"e-con-inner\">\n\t\t\t\t<div class=\"elementor-element elementor-element-2367a55 elementor-widget elementor-widget-heading\" data-id=\"2367a55\" data-element_type=\"widget\" data-e-type=\"widget\" data-widget_type=\"heading.default\">\n\t\t\t\t\t<h2 class=\"elementor-heading-title elementor-size-default\">Psychiatry<\/h2>\t\t\t\t<\/div>\n\t\t\t\t\t<\/div>\n\t\t\t\t<\/div>\n\t\t<div class=\"elementor-element elementor-element-5bc3468 e-flex e-con-boxed e-con e-parent\" data-id=\"5bc3468\" data-element_type=\"container\" data-e-type=\"container\">\n\t\t\t\t\t<div class=\"e-con-inner\">\n\t\t\t\t<div class=\"elementor-element elementor-element-adc6884 elementor-widget elementor-widget-heading\" data-id=\"adc6884\" data-element_type=\"widget\" data-e-type=\"widget\" data-widget_type=\"heading.default\">\n\t\t\t\t\t<h2 class=\"elementor-heading-title elementor-size-default\">Meet the Team<\/h2>\t\t\t\t<\/div>\n\t\t\t\t\t<\/div>\n\t\t\t\t<\/div>\n\t\t<div class=\"elementor-element elementor-element-64387e1 e-flex e-con-boxed e-con e-parent\" data-id=\"64387e1\" data-element_type=\"container\" data-e-type=\"container\">\n\t\t\t\t\t<div class=\"e-con-inner\">\n\t\t<div class=\"elementor-element elementor-element-15e67fb e-con-full e-flex e-con e-child\" data-id=\"15e67fb\" data-element_type=\"container\" data-e-type=\"container\">\n\t\t\t\t<div class=\"elementor-element elementor-element-11522a4 elementor-widget elementor-widget-image\" data-id=\"11522a4\" data-element_type=\"widget\" data-e-type=\"widget\" data-widget_type=\"image.default\">\n\t\t\t\t\t\t\t\t\t\t\t\t\t\t\t<img fetchpriority=\"high\" decoding=\"async\" width=\"768\" height=\"833\" src=\"https:\/\/santacruzbehavioral.com\/wp-content\/uploads\/2025\/11\/Asset-1-1-768x833.png\" class=\"attachment-medium_large size-medium_large wp-image-122\" alt=\"\" srcset=\"https:\/\/santacruzbehavioral.com\/wp-content\/uploads\/2025\/11\/Asset-1-1-768x833.png 768w, https:\/\/santacruzbehavioral.com\/wp-content\/uploads\/2025\/11\/Asset-1-1-277x300.png 277w, https:\/\/santacruzbehavioral.com\/wp-content\/uploads\/2025\/11\/Asset-1-1-944x1024.png 944w, https:\/\/santacruzbehavioral.com\/wp-content\/uploads\/2025\/11\/Asset-1-1.png 1127w\" sizes=\"(max-width: 768px) 100vw, 768px\" \/>\t\t\t\t\t\t\t\t\t\t\t\t\t\t\t<\/div>\n\t\t<div class=\"elementor-element elementor-element-e5c017b e-con-full e-flex e-con e-child\" data-id=\"e5c017b\" data-element_type=\"container\" data-e-type=\"container\" data-settings=\"{&quot;background_background&quot;:&quot;classic&quot;}\">\n\t\t\t\t<div class=\"elementor-element elementor-element-8897b6a elementor-widget elementor-widget-text-editor\" data-id=\"8897b6a\" data-element_type=\"widget\" data-e-type=\"widget\" data-widget_type=\"text-editor.default\">\n\t\t\t\t\t\t\t\t\t<p>William Julio, MD, DFAPA<\/p>\t\t\t\t\t\t\t\t<\/div>\n\t\t\t\t<div class=\"elementor-element elementor-element-004ba75 elementor-widget elementor-widget-text-editor\" data-id=\"004ba75\" data-element_type=\"widget\" data-e-type=\"widget\" data-widget_type=\"text-editor.default\">\n\t\t\t\t\t\t\t\t\t<p>Psychiatrist<\/p>\t\t\t\t\t\t\t\t<\/div>\n\t\t\t\t<\/div>\n\t\t\t\t<div class=\"elementor-element elementor-element-70eecf9 elementor-widget elementor-widget-heading\" data-id=\"70eecf9\" data-element_type=\"widget\" data-e-type=\"widget\" data-widget_type=\"heading.default\">\n\t\t\t\t\t<h4 class=\"elementor-heading-title elementor-size-default\">Subspecialty in Geriatric Psychiatry.\nDiplomate of the American Board of Psychiatry and Neurology<\/h4>\t\t\t\t<\/div>\n\t\t\t\t<div class=\"elementor-element elementor-element-3a242a5 elementor-widget elementor-widget-text-editor\" data-id=\"3a242a5\" data-element_type=\"widget\" data-e-type=\"widget\" data-widget_type=\"text-editor.default\">\n\t\t\t\t\t\t\t\t\t<p><strong>Dr. William Julio earned his medical degree from the University of Central del Caribe School of Medicine in Bayam\u00f3n, Puerto Rico.<\/strong><\/p><p>He completed a rotating internship and a residency in General Psychiatry at Cabrini Medical Center \/ Mount Sinai School of Medicine in New York, New York, where he served as Chief Resident. He later completed a subspecialty in Geriatric Psychiatry at Saint Vincent\u2019s Hospital and Medical Center \/ New York Medical College.\nHe is a Diplomate of the American Academy of Disability Evaluating Physicians and of the American Board of Psychiatry and Neurology, board-certified in Psychiatry with additional qualifications in Geriatric Psychiatry. He was also elected by the Board of Trustees of the American Psychiatric Association as a Distinguished Fellow.\nDr. Julio is a member and has served as president of several professional associations, including the Puerto Rico Academy of Psychiatry and the Puerto Rico Psychiatric Society, APA District Branch. He has also been active in the American Association for Geriatric Psychiatry.\nDr. Julio has participated as a speaker in numerous scientific congresses and symposia and has served as Principal Investigator in dozens of clinical research trials in the areas of Generalized Anxiety Disorder, Schizophrenia, Schizoaffective Disorders, Bipolar Disorder, Depression, and Neurocognitive Disorders due to Alzheimer\u2019s or Parkinson\u2019s disease.<\/p>\t\t\t\t\t\t\t\t<\/div>\n\t\t\t\t<\/div>\n\t\t<div class=\"elementor-element elementor-element-710758b e-con-full e-flex e-con e-child\" data-id=\"710758b\" data-element_type=\"container\" data-e-type=\"container\">\n\t\t\t\t<div class=\"elementor-element elementor-element-8d22bbe elementor-widget elementor-widget-image\" data-id=\"8d22bbe\" data-element_type=\"widget\" data-e-type=\"widget\" data-widget_type=\"image.default\">\n\t\t\t\t\t\t\t\t\t\t\t\t\t\t\t<img decoding=\"async\" width=\"768\" height=\"833\" src=\"https:\/\/santacruzbehavioral.com\/wp-content\/uploads\/2025\/12\/La-Dra.-Sylma.png\" class=\"attachment-medium_large size-medium_large wp-image-359\" alt=\"\" srcset=\"https:\/\/santacruzbehavioral.com\/wp-content\/uploads\/2025\/12\/La-Dra.-Sylma.png 768w, https:\/\/santacruzbehavioral.com\/wp-content\/uploads\/2025\/12\/La-Dra.-Sylma-277x300.png 277w\" sizes=\"(max-width: 768px) 100vw, 768px\" \/>\t\t\t\t\t\t\t\t\t\t\t\t\t\t\t<\/div>\n\t\t<div class=\"elementor-element elementor-element-cb89ea6 e-con-full e-flex e-con e-child\" data-id=\"cb89ea6\" data-element_type=\"container\" data-e-type=\"container\" data-settings=\"{&quot;background_background&quot;:&quot;classic&quot;}\">\n\t\t\t\t<div class=\"elementor-element elementor-element-db609d3 elementor-widget elementor-widget-text-editor\" data-id=\"db609d3\" data-element_type=\"widget\" data-e-type=\"widget\" data-widget_type=\"text-editor.default\">\n\t\t\t\t\t\t\t\t\tSylma Batista, MD\n\t\t\t\t\t\t\t\t<\/div>\n\t\t\t\t<div class=\"elementor-element elementor-element-f6eff1c elementor-widget elementor-widget-text-editor\" data-id=\"f6eff1c\" data-element_type=\"widget\" data-e-type=\"widget\" data-widget_type=\"text-editor.default\">\n\t\t\t\t\t\t\t\t\t<p>Psychiatrist<\/p>\t\t\t\t\t\t\t\t<\/div>\n\t\t\t\t<\/div>\n\t\t\t\t<div class=\"elementor-element elementor-element-49f0dd0 elementor-widget elementor-widget-heading\" data-id=\"49f0dd0\" data-element_type=\"widget\" data-e-type=\"widget\" data-widget_type=\"heading.default\">\n\t\t\t\t\t<h4 class=\"elementor-heading-title elementor-size-default\">Subspecialty in Psychiatry\n<\/h4>\t\t\t\t<\/div>\n\t\t\t\t<div class=\"elementor-element elementor-element-034a665 elementor-widget elementor-widget-text-editor\" data-id=\"034a665\" data-element_type=\"widget\" data-e-type=\"widget\" data-widget_type=\"text-editor.default\">\n\t\t\t\t\t\t\t\t\t<p><strong>Dr. Sylma Batista earned her medical degree from the University of Central del Caribe School of Medicine in Bayam\u00f3n, Puerto Rico.<\/strong><\/p><p>She completed her Psychiatry internship at the University of Medicine &amp; Dentistry of New Jersey \u2013 Robert Wood Johnson. She then completed her residency in General Psychiatry and subspecialty training in Latino Psychiatry and Geriatric Psychiatry at Saint Vincent\u2019s Hospital and Medical Center \/ New York Medical College.\nShe also participated in the Comprehensive HIV Center \u2013 Mental Health Program at Saint Vincent\u2019s Hospital and Medical Center \/ New York Medical College.\nDr. Batista has over twenty years of clinical practice and is a member and Clinical Coordinator of the Bayam\u00f3n Region Psychiatric Association.<\/p>\t\t\t\t\t\t\t\t<\/div>\n\t\t\t\t<\/div>\n\t\t\t\t\t<\/div>\n\t\t\t\t<\/div>\n\t\t<div class=\"elementor-element elementor-element-6066b02 e-flex e-con-boxed e-con e-parent\" data-id=\"6066b02\" data-element_type=\"container\" data-e-type=\"container\">\n\t\t\t\t\t<div class=\"e-con-inner\">\n\t\t<div class=\"elementor-element elementor-element-ef716a6 e-con-full e-flex e-con e-child\" data-id=\"ef716a6\" data-element_type=\"container\" data-e-type=\"container\">\n\t\t\t\t<div class=\"elementor-element elementor-element-98de795 elementor-widget elementor-widget-image\" data-id=\"98de795\" data-element_type=\"widget\" data-e-type=\"widget\" data-widget_type=\"image.default\">\n\t\t\t\t\t\t\t\t\t\t\t\t\t\t\t<img decoding=\"async\" width=\"768\" height=\"833\" src=\"https:\/\/santacruzbehavioral.com\/wp-content\/uploads\/2025\/11\/Asset-3-768x833.png\" class=\"attachment-medium_large size-medium_large wp-image-133\" alt=\"\" srcset=\"https:\/\/santacruzbehavioral.com\/wp-content\/uploads\/2025\/11\/Asset-3-768x833.png 768w, https:\/\/santacruzbehavioral.com\/wp-content\/uploads\/2025\/11\/Asset-3-277x300.png 277w, https:\/\/santacruzbehavioral.com\/wp-content\/uploads\/2025\/11\/Asset-3-944x1024.png 944w, https:\/\/santacruzbehavioral.com\/wp-content\/uploads\/2025\/11\/Asset-3.png 1127w\" sizes=\"(max-width: 768px) 100vw, 768px\" \/>\t\t\t\t\t\t\t\t\t\t\t\t\t\t\t<\/div>\n\t\t<div class=\"elementor-element elementor-element-e6b0bce e-con-full e-flex e-con e-child\" data-id=\"e6b0bce\" data-element_type=\"container\" data-e-type=\"container\" data-settings=\"{&quot;background_background&quot;:&quot;classic&quot;}\">\n\t\t\t\t<div class=\"elementor-element elementor-element-06aea2f elementor-widget elementor-widget-text-editor\" data-id=\"06aea2f\" data-element_type=\"widget\" data-e-type=\"widget\" data-widget_type=\"text-editor.default\">\n\t\t\t\t\t\t\t\t\tCaroline Toro-Ruiz, MD\n\t\t\t\t\t\t\t\t<\/div>\n\t\t\t\t<div class=\"elementor-element elementor-element-a077c28 elementor-widget elementor-widget-text-editor\" data-id=\"a077c28\" data-element_type=\"widget\" data-e-type=\"widget\" data-widget_type=\"text-editor.default\">\n\t\t\t\t\t\t\t\t\t<p>Psychiatrist<\/p>\t\t\t\t\t\t\t\t<\/div>\n\t\t\t\t<\/div>\n\t\t\t\t<div class=\"elementor-element elementor-element-26d8819 elementor-widget elementor-widget-heading\" data-id=\"26d8819\" data-element_type=\"widget\" data-e-type=\"widget\" data-widget_type=\"heading.default\">\n\t\t\t\t\t<h4 class=\"elementor-heading-title elementor-size-default\">Diplomate of the American Board of Psychiatry and Neurology<\/h4>\t\t\t\t<\/div>\n\t\t\t\t<div class=\"elementor-element elementor-element-c25b32c elementor-widget elementor-widget-text-editor\" data-id=\"c25b32c\" data-element_type=\"widget\" data-e-type=\"widget\" data-widget_type=\"text-editor.default\">\n\t\t\t\t\t\t\t\t\t<p><strong>Dr. Caroline Toro-Ruiz earned her bachelor\u2019s degree from the University of Puerto Rico at Mayag\u00fcez, majoring in Industrial Microbiology. She obtained her medical degree from San Juan Bautista School of Medicine in Caguas, Puerto Rico.<\/strong><\/p><p>She completed her internship at the San Juan Veterans Affairs Hospital and her Psychiatry residency at the Veterans Affairs Hospital \/ Ponce Health Sciences University, where she served as Chief Resident during her final year.\nShe is board-certified in General Psychiatry by the American Board of Psychiatry and Neurology. She currently serves on the medical faculty of Hospital Pav\u00eda\u2013Hato Rey and Hospital Panamericano. She is also an Adjunct Professor at the Medical Sciences Campus.<\/p>\t\t\t\t\t\t\t\t<\/div>\n\t\t\t\t<\/div>\n\t\t<div class=\"elementor-element elementor-element-a98fd19 e-con-full e-flex e-con e-child\" data-id=\"a98fd19\" data-element_type=\"container\" data-e-type=\"container\">\n\t\t\t\t<div class=\"elementor-element elementor-element-768c9a3 elementor-widget elementor-widget-image\" data-id=\"768c9a3\" data-element_type=\"widget\" data-e-type=\"widget\" data-widget_type=\"image.default\">\n\t\t\t\t\t\t\t\t\t\t\t\t\t\t\t<img loading=\"lazy\" decoding=\"async\" width=\"768\" height=\"833\" src=\"https:\/\/santacruzbehavioral.com\/wp-content\/uploads\/2025\/11\/Asset-4-768x833.png\" class=\"attachment-medium_large size-medium_large wp-image-134\" alt=\"\" srcset=\"https:\/\/santacruzbehavioral.com\/wp-content\/uploads\/2025\/11\/Asset-4-768x833.png 768w, https:\/\/santacruzbehavioral.com\/wp-content\/uploads\/2025\/11\/Asset-4-277x300.png 277w, https:\/\/santacruzbehavioral.com\/wp-content\/uploads\/2025\/11\/Asset-4-944x1024.png 944w, https:\/\/santacruzbehavioral.com\/wp-content\/uploads\/2025\/11\/Asset-4.png 1127w\" sizes=\"(max-width: 768px) 100vw, 768px\" \/>\t\t\t\t\t\t\t\t\t\t\t\t\t\t\t<\/div>\n\t\t<div class=\"elementor-element elementor-element-72f5a75 e-con-full e-flex e-con e-child\" data-id=\"72f5a75\" data-element_type=\"container\" data-e-type=\"container\" data-settings=\"{&quot;background_background&quot;:&quot;classic&quot;}\">\n\t\t\t\t<div class=\"elementor-element elementor-element-19fad43 elementor-widget elementor-widget-text-editor\" data-id=\"19fad43\" data-element_type=\"widget\" data-e-type=\"widget\" data-widget_type=\"text-editor.default\">\n\t\t\t\t\t\t\t\t\tDra. Carmen Brito, MD\n\t\t\t\t\t\t\t\t<\/div>\n\t\t\t\t<div class=\"elementor-element elementor-element-76ef0c3 elementor-widget elementor-widget-text-editor\" data-id=\"76ef0c3\" data-element_type=\"widget\" data-e-type=\"widget\" data-widget_type=\"text-editor.default\">\n\t\t\t\t\t\t\t\t\tPsychiatrist\t\t\t\t\t\t\t\t<\/div>\n\t\t\t\t<\/div>\n\t\t\t\t<div class=\"elementor-element elementor-element-2ab435a elementor-widget elementor-widget-heading\" data-id=\"2ab435a\" data-element_type=\"widget\" data-e-type=\"widget\" data-widget_type=\"heading.default\">\n\t\t\t\t\t<h4 class=\"elementor-heading-title elementor-size-default\">Diplomate of the American Board of Psychiatry and Neurology\n<\/h4>\t\t\t\t<\/div>\n\t\t\t\t<div class=\"elementor-element elementor-element-46428a5 elementor-widget elementor-widget-text-editor\" data-id=\"46428a5\" data-element_type=\"widget\" data-e-type=\"widget\" data-widget_type=\"text-editor.default\">\n\t\t\t\t\t\t\t\t\t<p><strong>Dr. Carmen Brito Medina earned her medical degree from Universidad Iberoamericana in San Diego, California. She completed her internship and Psychiatry residency at the Medical Sciences Campus of the R\u00edo Piedras Medical Center in San Juan, Puerto Rico. She is a Diplomate of the American Board of Psychiatry and Neurology.<\/strong><\/p><p>She currently serves on the medical faculties of Hospital de Comportamiento Pav\u00eda in Hato Rey and Hospital Menonita CIMA in Aibonito, Puerto Rico, and is an Adjunct Professor at San Juan Bautista School of Medicine in Caguas. She is the Medical Director of Hospital de Comportamiento Pav\u00eda in Hato Rey, Puerto Rico.<\/p>\t\t\t\t\t\t\t\t<\/div>\n\t\t\t\t<\/div>\n\t\t\t\t\t<\/div>\n\t\t\t\t<\/div>\n\t\t\t\t<\/div>","protected":false},"excerpt":{"rendered":"<p>Tu bienestar, nuestra misi\u00f3n. Psiquiatr\u00eda Conoce al equipo William Julio, MD, DFAPA Psiquiatra Subespecialidad en Psiquiatr\u00eda Geri\u00e1trica Diplomate of the American Board of Psychiatry and Neurology El Dr. William Julio tiene un t\u00edtulo de m\u00e9dico de la Facultad de Medicina de la Universidad Central del Caribe en Bayam\u00f3n, Puerto Rico. Complet\u00f3 un internado rotatorio y [&hellip;]<\/p>\n","protected":false},"author":1,"featured_media":0,"parent":0,"menu_order":0,"comment_status":"closed","ping_status":"closed","template":"","meta":{"footnotes":""},"class_list":["post-112","page","type-page","status-publish","hentry"],"_hostinger_reach_plugin_has_subscription_block":false,"_hostinger_reach_plugin_is_elementor":false,"_links":{"self":[{"href":"https:\/\/santacruzbehavioral.com\/en\/wp-json\/wp\/v2\/pages\/112","targetHints":{"allow":["GET"]}}],"collection":[{"href":"https:\/\/santacruzbehavioral.com\/en\/wp-json\/wp\/v2\/pages"}],"about":[{"href":"https:\/\/santacruzbehavioral.com\/en\/wp-json\/wp\/v2\/types\/page"}],"author":[{"embeddable":true,"href":"https:\/\/santacruzbehavioral.com\/en\/wp-json\/wp\/v2\/users\/1"}],"replies":[{"embeddable":true,"href":"https:\/\/santacruzbehavioral.com\/en\/wp-json\/wp\/v2\/comments?post=112"}],"version-history":[{"count":50,"href":"https:\/\/santacruzbehavioral.com\/en\/wp-json\/wp\/v2\/pages\/112\/revisions"}],"predecessor-version":[{"id":452,"href":"https:\/\/santacruzbehavioral.com\/en\/wp-json\/wp\/v2\/pages\/112\/revisions\/452"}],"wp:attachment":[{"href":"https:\/\/santacruzbehavioral.com\/en\/wp-json\/wp\/v2\/media?parent=112"}],"curies":[{"name":"wp","href":"https:\/\/api.w.org\/{rel}","templated":true}]}}